{"id":723,"date":"2022-11-17T11:15:08","date_gmt":"2022-11-17T11:15:08","guid":{"rendered":"https:\/\/audrilivesite.local\/contacto\/"},"modified":"2023-06-27T15:11:02","modified_gmt":"2023-06-27T14:11:02","slug":"contacto","status":"publish","type":"page","link":"https:\/\/audri.org\/es\/contacto\/","title":{"rendered":"Contacto"},"content":{"rendered":"<!-- Contact -->\n<div class=\"section first\">\n    <div class=\"container\">\n        <div data-sal=\"slide-up\" data-sal-duration=\"400\" data-sal-delay=\"100\">\n            <h2 class=\"text-center mt-4\">PONERSE EN CONTACTO<\/h2>\n            <div class=\"row justify-content-center mb-4 pb-2\">\n                <div class=\"col-lg-7\">\n                    <p class=\"text-center\">Solo trabajando juntos crearemos un futuro digital en el que todos puedan disfrutar de los mismos derechos a la seguridad, la libertad y la dignidad. Si desea obtener m\u00e1s informaci\u00f3n sobre los Principios digitales o c\u00f3mo puede ser parte de la Alianza, p\u00f3ngase en contacto hoy.<\/p>\n                <\/div>\n            <\/div>\n        <\/div>\n        <div class=\"row justify-content-center\">\n            <div class=\"col-lg-8\">\n                <div class=\"bg-white p-3\" data-sal=\"fade\" data-sal-duration=\"800\" data-sal-delay=\"200\">\n                                  \n                <\/div>\n            <\/div>\n        <\/div>\n    <\/div>\n<\/div>\n<!-- \/\/Contact -->\n\n\n<!-- Footer Graphic -->\n<img decoding=\"async\" class=\"img-fluid w-100\" src=\"https:\/\/audri.org\/wp-content\/themes\/audri-theme\/img\/footer-graphic_01.png\" alt=\"Footer Graphic\" data-sal=\"slide-up\" data-sal-duration=\"800\" data-sal-delay=\"200\">\n<!-- \/\/Footer Graphic -->","protected":false},"excerpt":{"rendered":"","protected":false},"author":1,"featured_media":0,"parent":0,"menu_order":0,"comment_status":"closed","ping_status":"closed","template":"","meta":{"_acf_changed":false,"_mo_disable_npp":"","footnotes":""},"class_list":["post-723","page","type-page","status-publish","hentry"],"acf":[],"_links":{"self":[{"href":"https:\/\/audri.org\/es\/wp-json\/wp\/v2\/pages\/723","targetHints":{"allow":["GET"]}}],"collection":[{"href":"https:\/\/audri.org\/es\/wp-json\/wp\/v2\/pages"}],"about":[{"href":"https:\/\/audri.org\/es\/wp-json\/wp\/v2\/types\/page"}],"author":[{"embeddable":true,"href":"https:\/\/audri.org\/es\/wp-json\/wp\/v2\/users\/1"}],"replies":[{"embeddable":true,"href":"https:\/\/audri.org\/es\/wp-json\/wp\/v2\/comments?post=723"}],"version-history":[{"count":0,"href":"https:\/\/audri.org\/es\/wp-json\/wp\/v2\/pages\/723\/revisions"}],"wp:attachment":[{"href":"https:\/\/audri.org\/es\/wp-json\/wp\/v2\/media?parent=723"}],"curies":[{"name":"wp","href":"https:\/\/api.w.org\/{rel}","templated":true}]}}