{"id":733,"date":"2022-11-16T15:53:40","date_gmt":"2022-11-16T15:53:40","guid":{"rendered":"https:\/\/audrilivesite.local\/el-reto\/"},"modified":"2023-06-27T16:25:06","modified_gmt":"2023-06-27T15:25:06","slug":"el-reto","status":"publish","type":"page","link":"https:\/\/audri.org\/es\/el-reto\/","title":{"rendered":"El reto"},"content":{"rendered":"\n    <!-- Intro -->\n    <div class=\"section first bg-purple pb-0\">\n        <div class=\"container-fluid\">\n            <div class=\"row g-0 justify-content-center justify-content-lg-between\">\n                <div class=\"col-lg-5 mb-4 mb-lg-0 mt-lg-5\" data-sal=\"slide-right\" data-sal-duration=\"800\" data-sal-delay=\"100\">\n                    <h1>EL RETO QUE ENFRENTAMOS<\/h1>\n                    <div class=\"mb-4 pb-lg-2\">\n                        <p>La regulaci\u00f3n del mundo digital es inconsistente e ineficaz. Quienes se ven m\u00e1s profundamente afectados por esto son las personas, los grupos y las comunidades con menos poder y privilegios.<\/p>\n                    <\/div>\n\t\t\t\t\t<div class=\"btn-wrapper\">\n                    <a href=\"#down\" class=\"btn btn-download\">\n                        <span>Find out more<\/span>\n                        <span><img decoding=\"async\" src=\"https:\/\/audri.org\/wp-content\/themes\/audri-theme\/img\/svg\/icon-arrow-right.svg\"><\/span>\n                    <\/a>\n\t\t\t\t\t<\/div>\n                <\/div>\n                <div class=\"col-10 col-lg-5\">\n                    <img decoding=\"async\" class=\"d-block img-fluid w-100 mx-auto intro-img_02\" src=\"https:\/\/audri.org\/wp-content\/uploads\/2022\/11\/The-Challenge-Banner-Full.png\" alt=\"The-Challenge-Banner-Full\" data-sal=\"fade\" data-sal-duration=\"1000\" data-sal-delay=\"600\">\n                <\/div>\n            <\/div>\n        <\/div>\n    <\/div>\n    <!-- \/\/Intro -->\n<!-- Centered Text -->\n<div class=\"section position-relative text-center centered-text-block \" id=\"centered-text-block-block_7914bf5525d6eb76fc4dce733ddb973a\">\n    <div id=\"down\" class=\"anchor\"><\/div>\n    <div class=\"container\">\n        <div class=\"row justify-content-center\">\n            <div class=\"col-xl-11\" data-sal=\"slide-up\" data-sal-duration=\"400\" data-sal-delay=\"100\">\n                <h2>UN PROBLEMA MUNDIAL<\/h2>\n                <p>En las \u00faltimas cinco d\u00e9cadas, los avances sin precedentes en las tecnolog\u00edas digitales y las comunicaciones han revolucionado la forma en que vivimos, trabajamos y nos conectamos, y los l\u00edmites entre nuestros mundos f\u00edsico y digital se vuelven cada vez m\u00e1s borrosos.<\/p>\n<p>A pesar del potencial de transformaci\u00f3n de estos avances, los espacios digitales siguen sin estar regulados en gran medida. No existen reglas universales para quienes dise\u00f1an, operan y se benefician de las redes y servicios digitales; tampoco existe una manera efectiva de garantizar que los est\u00e1ndares comunes dise\u00f1ados para guiar y proteger nuestras interacciones digitales se respeten universal y equitativamente.<\/p>\n                            <\/div>\n        <\/div>\n    <\/div>\n<\/div>\n<!-- Centered Text --><!-- \/\/Two Columns Fullwidth -->\n            <div class=\"row g-0 align-items-center\">\n            <div class=\"col-lg-6 \">\n                <img decoding=\"async\" class=\"img-fluid w-100\" src=\"https:\/\/audri.org\/wp-content\/uploads\/2022\/11\/960x1080_02.jpg\" alt=\"Image\" data-sal=\"slide-up\" data-sal-duration=\"400\" data-sal-delay=\"100\">\n            <\/div>\n            <div class=\"col-lg-6 my-5 my-lg-0\">\n                <div class=\"container\">\n                    <div class=\"row justify-content-center\">\n                        <div class=\"col-lg-11\" data-sal=\"slide-up\" data-sal-duration=\"400\" data-sal-delay=\"200\">\n                            <h2>DISCRIMINACI\u00d3N DIGITAL<\/h2>\n<p>Las personas y las comunidades que se ven afectadas de manera m\u00e1s profunda y constante por la regulaci\u00f3n desigual de nuestro ecosistema digital son las que tienen menos poder y privilegios.<\/p>\n<p>Las mujeres y las ni\u00f1as, las minor\u00edas ind\u00edgenas y raciales, las personas con discapacidad y las que viven en comunidades socioecon\u00f3micamente desatendidas en todo el mundo: sobre sus hombros recae m\u00e1s pesadamente la enorme carga del da\u00f1o causado por la desigualdad digital global.<\/p>\n<p>En los \u00faltimos a\u00f1os, las desigualdades existentes se han visto exacerbadas y amplificadas por los efectos de la pandemia de COVID-19, y han surgido nuevas formas de opresi\u00f3n y violencia.<\/p>\n                        <\/div>\n                    <\/div>\n                <\/div>\n            <\/div>\n        <\/div>\n            <div class=\"row g-0 align-items-center\">\n            <div class=\"col-lg-6 order-lg-2\">\n                <img decoding=\"async\" class=\"img-fluid w-100\" src=\"https:\/\/audri.org\/wp-content\/uploads\/2022\/11\/Canva-Stock-960-1080-960x1080.png\" alt=\"Image\" data-sal=\"slide-up\" data-sal-duration=\"400\" data-sal-delay=\"100\">\n            <\/div>\n            <div class=\"col-lg-6 my-5 my-lg-0\">\n                <div class=\"container\">\n                    <div class=\"row justify-content-center\">\n                        <div class=\"col-lg-11\" data-sal=\"slide-up\" data-sal-duration=\"400\" data-sal-delay=\"200\">\n                            <h2>LA EVIDENCIA<\/h2>\n<ul>\n<li>La violencia en l\u00ednea en India se triplic\u00f3 durante la pandemia de COVID-19 (del 26 % al 74 %) [ICRW, 2021]<\/li>\n<li>1 de cada 3 personas en Australia, Nueva Zelanda y el Reino Unido ha experimentado al menos una forma de abuso sexual basado en im\u00e1genes [Monash University Australia, 2020]<\/li>\n<li>El 79% de los usuarios de Internet de 12 a 15 a\u00f1os en el Reino Unido informan al menos una experiencia potencialmente da\u00f1ina en l\u00ednea en los \u00faltimos 12 meses [Ofcom, 2021]<\/li>\n<li>El 55 % de los casos de trata sexual en 2020 implic\u00f3 el uso de tecnolog\u00edas de Internet por parte de los traficantes (UNODC, 2020)<\/li>\n<\/ul>\n                        <\/div>\n                    <\/div>\n                <\/div>\n            <\/div>\n        <\/div>\n    <!-- \/\/Two Columns Fullwidth --><!-- Fullwidth Two Columns -->\n<div class=\"bg-purple  full-width-two-columns-logos d-flex align-items-center\" id=\"full-width-two-columns-logos-block_06edbb7f93456329f32414ecdd899f70\">\n    <div class=\"container-fluid p-0\">\n        <div class=\"row g-0 d-flex align-items-center\">\n            <div class=\"col-lg-6 d-flex align-items-center\" data-sal=\"slide-right\" data-sal-duration=\"800\" data-sal-delay=\"200\">\n                <div class=\"section\">\n                    <div class=\"container-fluid\">\n                        <h2>\u00danete a<br \/>\nnosotras<\/h2>\n<p>La Alianza para los Derechos Digitales Universales (Alliance for Universal Digital Rights, AUDRi) re\u00fane a l\u00edderes mundiales en igualdad dentro y fuera del sector digital.<\/p>\n                                                    <div class=\"pt-1 pt-lg-4 btn-wrapper\">\n                                <a href=\"https:\/\/audri.org\/membership-signup\/\" class=\"btn\">\n                                    <span>\u00danete a nosotras<\/span>\n                                    <span><img decoding=\"async\" src=\"https:\/\/audri.org\/wp-content\/themes\/audri-theme\/img\/svg\/icon-arrow-right.svg\"><\/span>\n                                <\/a>\n                            <\/div>\n                                            <\/div>\n                <\/div>\n            <\/div>\n            <div class=\"col-lg-6\">\n\n\n\n\n            <\/div>\n        <\/div>\n    <\/div>\n<\/div>\n<!-- Fullwidth Two Columns -->\n<!-- \/\/Two Columns Fullwidth -->\n            <div class=\"row g-0 align-items-center\">\n            <div class=\"col-lg-6 \">\n                <img decoding=\"async\" class=\"img-fluid w-100\" src=\"https:\/\/audri.org\/wp-content\/uploads\/2022\/11\/Canva-Stock-960-1080-2-960x1080.png\" alt=\"Image\" data-sal=\"slide-up\" data-sal-duration=\"400\" data-sal-delay=\"100\">\n            <\/div>\n            <div class=\"col-lg-6 my-5 my-lg-0\">\n                <div class=\"container\">\n                    <div class=\"row justify-content-center\">\n                        <div class=\"col-lg-11\" data-sal=\"slide-up\" data-sal-duration=\"400\" data-sal-delay=\"200\">\n                            <h2>EL DELITO EN LA ERA DIGITAL<\/h2>\n<p>Todos los d\u00edas, hay ejemplos nuevos y gravemente alarmantes de c\u00f3mo las tecnolog\u00edas y redes digitales no reguladas amenazan los derechos y libertades de las personas, que incluyen:<\/p>\n<ul>\n<li>El intercambio no consentido de im\u00e1genes \u00edntimas (incluidas las \u00abfalsificaciones profundas\u00bb), la publicaci\u00f3n de informaci\u00f3n privada o de identificaci\u00f3n sobre un individuo en particular en Internet (conocido como doxxing) o la divulgaci\u00f3n masiva de informaci\u00f3n privada a trav\u00e9s de la pirater\u00eda.<\/li>\n<li>Discriminaci\u00f3n de IA, donde el sesgo existente se codifica en algoritmos que posteriormente se utilizan para decidir todo, desde qu\u00e9 paquetes de seguros se nos ofrecen hasta qu\u00e9 tan probable es que participemos en un comportamiento delictivo.<\/li>\n<li>Explotaci\u00f3n y abuso sexual infantil en l\u00ednea, como la transmisi\u00f3n en vivo y el intercambio de material de abuso sexual infantil, preparaci\u00f3n en l\u00ednea y extorsi\u00f3n sexual en l\u00ednea.<\/li>\n<li>Violencia y acoso cibern\u00e9ticos, incluido el contenido que es hostil hacia una persona o grupo en funci\u00f3n de su raza, religi\u00f3n, discapacidad, orientaci\u00f3n sexual o identidad de g\u00e9nero.<\/li>\n<li>Efectos de c\u00e1mara de eco, donde se forman comunidades en l\u00ednea en torno a ideolog\u00edas sesgadas y discriminatorias racial o sexualmente, lo que lleva a la desconexi\u00f3n y la radicalizaci\u00f3n.<\/li>\n<\/ul>\n                        <\/div>\n                    <\/div>\n                <\/div>\n            <\/div>\n        <\/div>\n    <!-- \/\/Two Columns Fullwidth --><!-- Centered Text -->\n<div class=\"section position-relative text-center centered-text-block \" id=\"centered-text-block-block_450a561ec4a4ff20f644f88b8da055d7\">\n    <div id=\"down\" class=\"anchor\"><\/div>\n    <div class=\"container\">\n        <div class=\"row justify-content-center\">\n            <div class=\"col-xl-11\" data-sal=\"slide-up\" data-sal-duration=\"400\" data-sal-delay=\"100\">\n                <h2>M\u00c1S ALL\u00c1 DE LAS FRONTERAS<\/h2>\n                <p>El entorno digital, al igual que el entorno natural, trasciende las fronteras y jurisdicciones nacionales. Y, as\u00ed como los esfuerzos de las naciones individuales por s\u00ed solos nunca pueden resolver una crisis ambiental mundial, tampoco podemos confiar en leyes y pol\u00edticas nacionales separadas para guiar, regular y cuidar nuestro ecosistema digital global.<\/p>\n<p>En los \u00faltimos a\u00f1os, se han discutido, sugerido o adoptado una serie de iniciativas, cartas y declaraciones sobre derechos digitales a nivel internacional, regional y nacional. Pero su implementaci\u00f3n no ha sido universal, ya que la mayor\u00eda de las cartas digitales internacionales y regionales no son legalmente vinculantes o no abordan adecuadamente el papel que desempe\u00f1an los proveedores de servicios digitales y las plataformas en la promoci\u00f3n y protecci\u00f3n de los derechos humanos de sus usuarios.<\/p>\n<p>Estos incluyen, pero no se limitan a:<\/p>\n<p>La Carta de Derechos Humanos y Principios para Internet<br \/>\nLa Declaraci\u00f3n Africana sobre los Derechos y Libertades en Internet<br \/>\nLa gu\u00eda de derechos humanos para usuarios de Internet del Consejo de Europa<br \/>\nLa Carta Espa\u00f1ola de Derechos Digitales<br \/>\nEl marco brasile\u00f1o de derechos civiles<br \/>\nLa Declaraci\u00f3n para el Futuro de Internet<\/p>\n                            <\/div>\n        <\/div>\n    <\/div>\n<\/div>\n<!-- Centered Text --><!-- Outro -->\n<div class=\"section\">\n    <div class=\"container\">\n        <div data-sal=\"slide-up\" data-sal-duration=\"400\" data-sal-delay=\"100\">\n            <div class=\"row justify-content-center\">\n                <div class=\"col-lg-8 text-center\">\n                    <p>Para alcanzar la igualdad universal de seguridad, libertad y dignidad en nuestro futuro digital, necesitamos un enfoque universal que defina, defienda y fomente derechos digitales para todo el mundo.<\/p>\n                                            <a href=\"http:\/\/www.audri-equality-now.local\/our-approach\/\" class=\"btn\" target=\"_blank\" rel=\"noopener\">\n                            <span>Nuestro Enfoque<\/span>\n                            <span><img decoding=\"async\" src=\"https:\/\/audri.org\/wp-content\/themes\/audri-theme\/img\/svg\/icon-arrow-right.svg\"><\/span>\n                        <\/a>\n                                    <\/div>\n            <\/div>\n        <\/div>\n    <\/div>\n<\/div>\n<!-- \/\/Outro -->\n<!-- Footer Graphic -->\n<img decoding=\"async\" class=\"img-fluid w-100\" src=\"https:\/\/audri.org\/wp-content\/uploads\/2022\/11\/Website-Footer-04-1920x691.png\" alt=\"Website-Footer-04\" data-sal=\"slide-up\" data-sal-duration=\"800\" data-sal-delay=\"200\">\n<!-- \/\/Footer Graphic -->\n","protected":false},"excerpt":{"rendered":"","protected":false},"author":1,"featured_media":0,"parent":0,"menu_order":0,"comment_status":"closed","ping_status":"closed","template":"","meta":{"_acf_changed":false,"_mo_disable_npp":"","footnotes":""},"class_list":["post-733","page","type-page","status-publish","hentry"],"acf":[],"_links":{"self":[{"href":"https:\/\/audri.org\/es\/wp-json\/wp\/v2\/pages\/733","targetHints":{"allow":["GET"]}}],"collection":[{"href":"https:\/\/audri.org\/es\/wp-json\/wp\/v2\/pages"}],"about":[{"href":"https:\/\/audri.org\/es\/wp-json\/wp\/v2\/types\/page"}],"author":[{"embeddable":true,"href":"https:\/\/audri.org\/es\/wp-json\/wp\/v2\/users\/1"}],"replies":[{"embeddable":true,"href":"https:\/\/audri.org\/es\/wp-json\/wp\/v2\/comments?post=733"}],"version-history":[{"count":0,"href":"https:\/\/audri.org\/es\/wp-json\/wp\/v2\/pages\/733\/revisions"}],"wp:attachment":[{"href":"https:\/\/audri.org\/es\/wp-json\/wp\/v2\/media?parent=733"}],"curies":[{"name":"wp","href":"https:\/\/api.w.org\/{rel}","templated":true}]}}