{"id":736,"date":"2022-11-16T15:21:37","date_gmt":"2022-11-16T15:21:37","guid":{"rendered":"https:\/\/audrilivesite.local\/acerca-de-audri\/"},"modified":"2023-06-27T16:41:53","modified_gmt":"2023-06-27T15:41:53","slug":"acerca-de-audri","status":"publish","type":"page","link":"https:\/\/audri.org\/es\/","title":{"rendered":"ACERCA DE AUDRi"},"content":{"rendered":"\n    <!-- Intro -->\n    <div class=\"section first bg-purple pb-0 intro-header\" id=\"intro-header-block_8600eef2f3c7172a31aa80b2ecd67389\">\n        <div class=\"container-fluid\">\n            <div class=\"row g-0 align-items-center\">\n                <div class=\"col-intro-left\">\n                    <h1 class=\"poster-text mb-4\" data-sal=\"slide-right\" data-sal-duration=\"800\" data-sal-delay=\"100\">Creemos en un futuro en el que la ciudadan\u00eda del ecosistema digital mundial, en su totalidad, sin importar qui\u00e9nes la integran o d\u00f3nde vivan, pueda gozar de los mismos derechos a la seguridad, la libertad y la dignidad.<\/h1>\n                    <div class=\"mb-4 pb-lg-2\">\n                                            <\/div>\n                <\/div>\n                <div class=\"col-intro-right\">\n                    <img decoding=\"async\" class=\"d-block img-fluid w-100 ps-lg-4 mx-auto\" src=\"https:\/\/audri.org\/wp-content\/uploads\/2022\/11\/intro_01.png\" alt=\"intro_01\" data-sal=\"fade\" data-sal-duration=\"1000\" data-sal-delay=\"600\">\n                <\/div>\n            <\/div>\n        <\/div>\n    <\/div>\n    <!-- \/\/Intro -->\n    <!-- 3x Folder Panels -->\n<div class=\"section folder-panels\">\n    <div class=\"container\">\n        <div class=\"row justify-content-center mb-5\">\n                                                <div class=\"col-9 col-lg-4 mb-4 mb-lg-0\" data-sal=\"slide-up\" data-sal-duration=\"400\" data-sal-delay=\"100\">\n                        <div class=\"panel-folder-wrapper position-relative mx-auto\">\n                            <img decoding=\"async\" class=\"img-fluid folder-tab d-block\" src=\"https:\/\/audri.org\/wp-content\/themes\/audri-theme\/img\/svg\/folder-tab.svg\" alt=\"Tab\">\n                            <div class=\"panel-folder overflow-hidden\">\n                                <div class=\"top bg-white p-4\">\n                                    <div class=\"mb-3 mx-2\">\n                                        <p><b>Igual protecci\u00f3n<\/b> contra la persecuci\u00f3n, la opresi\u00f3n y el abuso<\/p>\n                                    <\/div>\n                                <\/div>\n                                <div class=\"bottom bg-orange\">\n                                    <img decoding=\"async\" class=\"img-fluid w-100 px-4 py-5\" src=\"https:\/\/audri.org\/wp-content\/themes\/audri-theme\/img\/svg\/icon-tick.svg\" alt=\"Tick\">\n                                <\/div>\n                            <\/div>\n                            <img decoding=\"async\" class=\"img-folder position-absolute\" src=\"https:\/\/audri.org\/wp-content\/uploads\/2022\/11\/Equal-Protection-Graphic-370x430.jpg\" alt=\"Equal-Protection-Graphic\">\n                        <\/div>\n                    <\/div>\n                                    <div class=\"col-9 col-lg-4 mb-4 mb-lg-0\" data-sal=\"slide-up\" data-sal-duration=\"400\" data-sal-delay=\"100\">\n                        <div class=\"panel-folder-wrapper position-relative mx-auto\">\n                            <img decoding=\"async\" class=\"img-fluid folder-tab d-block\" src=\"https:\/\/audri.org\/wp-content\/themes\/audri-theme\/img\/svg\/folder-tab.svg\" alt=\"Tab\">\n                            <div class=\"panel-folder overflow-hidden\">\n                                <div class=\"top bg-white p-4\">\n                                    <div class=\"mb-3 mx-2\">\n                                        <p><b>Acceso igualitario<\/b> a la informaci\u00f3n, las oportunidades y la comunidad.<\/p>\n                                    <\/div>\n                                <\/div>\n                                <div class=\"bottom bg-blue-light\">\n                                    <img decoding=\"async\" class=\"img-fluid w-100 px-4 py-5\" src=\"https:\/\/audri.org\/wp-content\/themes\/audri-theme\/img\/svg\/icon-tick.svg\" alt=\"Tick\">\n                                <\/div>\n                            <\/div>\n                            <img decoding=\"async\" class=\"img-folder position-absolute\" src=\"https:\/\/audri.org\/wp-content\/uploads\/2022\/11\/Equal-Access-Graphic-370x430.jpg\" alt=\"Equal-Access-Graphic\">\n                        <\/div>\n                    <\/div>\n                                    <div class=\"col-9 col-lg-4 mb-4 mb-lg-0\" data-sal=\"slide-up\" data-sal-duration=\"400\" data-sal-delay=\"100\">\n                        <div class=\"panel-folder-wrapper position-relative mx-auto\">\n                            <img decoding=\"async\" class=\"img-fluid folder-tab d-block\" src=\"https:\/\/audri.org\/wp-content\/themes\/audri-theme\/img\/svg\/folder-tab.svg\" alt=\"Tab\">\n                            <div class=\"panel-folder overflow-hidden\">\n                                <div class=\"top bg-white p-4\">\n                                    <div class=\"mb-3 mx-2\">\n                                        <p><b>Igual<\/b> respeto por<br \/>\nprivacidad, identidad y autoexpresi\u00f3n<\/p>\n                                    <\/div>\n                                <\/div>\n                                <div class=\"bottom bg-peach-light\">\n                                    <img decoding=\"async\" class=\"img-fluid w-100 px-4 py-5\" src=\"https:\/\/audri.org\/wp-content\/themes\/audri-theme\/img\/svg\/icon-tick.svg\" alt=\"Tick\">\n                                <\/div>\n                            <\/div>\n                            <img decoding=\"async\" class=\"img-folder position-absolute\" src=\"https:\/\/audri.org\/wp-content\/uploads\/2022\/11\/Equal-Respect-Graphic-370x430.jpg\" alt=\"Equal-Respect-Graphic\">\n                        <\/div>\n                    <\/div>\n                                    <\/div>\n        <div class=\"text-center\" data-sal=\"slide-up\" data-sal-duration=\"400\" data-sal-delay=\"100\">\n            <div class=\"row justify-content-center mb-4\">\n                <div class=\"col-lg-7\">\n                    <p>Para lograr la igualdad global de seguridad, libertad y dignidad en nuestro futuro digital, pedimos un enfoque universal para definir, defender y promover los derechos digitales, para todos. <\/p>\n                <\/div>\n            <\/div>\n                            <a href=\"https:\/\/audri.org\/digital-principles\/\" class=\"btn\">\n                    <span>Los principios digitales<\/span>\n                    <span><img decoding=\"async\" src=\"https:\/\/audri.org\/wp-content\/themes\/audri-theme\/img\/svg\/icon-arrow-right.svg\"><\/span>\n                <\/a>\n                    <\/div>\n    <\/div>\n<\/div>\n<!-- 3x Folder Panels --><!-- Fullwidth Two Columns -->\n<div class=\"bg-blue mh-960 full-width-two-columns \" id=\"full-width-two-columns-block_6a2133ec36bc7eef54d335cd6c29e6ae\">\n    <div class=\"container-fluid p-0\">\n        <div class=\"row g-0 \">\n            <div class=\"col-lg-6 d-flex align-items-center\" data-sal=\"slide-right\" data-sal-duration=\"800\" data-sal-delay=\"200\">\n                <div class=\"section\">\n                    <div class=\"container-fluid\">\n                        <h2>Acerca de la Alianza por los Derechos Digitales Universales<\/h2>\n<p>La Alianza por los Derechos Digitales Universales (AUDRi) re\u00fane a las principales voces mundiales en materia de igualdad, dentro y fuera del sector digital.<\/p>\n<p>AUDRi fue formada en 2022 por dos organizaciones internacionales de promoci\u00f3n e igualdad de g\u00e9nero, Equality Now y Women Leading in AI. Juntos, est\u00e1n colaborando con una amplia gama de socios para comprender las oportunidades y los desaf\u00edos que presentan las tecnolog\u00edas y redes digitales para mujeres, ni\u00f1as y otras personas de grupos discriminados.<\/p>\n                                                    <div class=\"pt-1 pt-lg-4 btn-wrapper\">\n                                <a href=\"https:\/\/audri.org\/about-us\/\" class=\"btn\">\n                                    <span>Sobre nosotras<\/span>\n                                    <span><img decoding=\"async\" src=\"https:\/\/audri.org\/wp-content\/themes\/audri-theme\/img\/svg\/icon-arrow-right.svg\"><\/span>\n                                <\/a>\n                            <\/div>\n                                            <\/div>\n                <\/div>\n            <\/div>\n            <div class=\"col-lg-6\">\n                <img decoding=\"async\" class=\"img-fluid w-100\" src=\"https:\/\/audri.org\/wp-content\/uploads\/2022\/11\/960x960_01.png\" alt=\"960x960_01\" data-sal=\"fade\" data-sal-duration=\"800\" data-sal-delay=\"200\">\n            <\/div>\n        <\/div>\n    <\/div>\n<\/div>\n<!-- Fullwidth Two Columns -->\n\n<!-- Mission Carousel -->\n<div class=\"section mission-carousel\" id=\"mission-carousel-block_a4d7b420f93e219481955a834da0a8f7\">\n    <div class=\"container\" data-sal=\"slide-up\" data-sal-duration=\"400\" data-sal-delay=\"100\">\n        <div class=\"row justify-content-center \">\n            <div class=\"col-10 col-lg-5 text-center\">\n                                    <h2>Nosotras existimos para<\/h2>\n                                            <\/div>\n            <div class=\"col-lg-8\">\n                <div id=\"carouselTabs\" class=\"carousel slide carousel-tabs text-center\" data-bs-ride=\"carousel\" data-bs-pause=\"false\">\n                    <div class=\"carousel-indicators position-relative mx-0 mt-3 mb-4 pb-3 justify-content-between\">\n                                                                                    <button type=\"button\" data-bs-target=\"#carouselTabs\" data-bs-slide-to=\"0\" class=\"active\" aria-current=\"true\" aria-label=\"Slide 1\"><span>Convocar<\/span><\/button>\n                                                                <button type=\"button\" data-bs-target=\"#carouselTabs\" data-bs-slide-to=\"1\" class=\"\" aria-current=\"true\" aria-label=\"Slide 2\"><span>Co-crear<\/span><\/button>\n                                                                <button type=\"button\" data-bs-target=\"#carouselTabs\" data-bs-slide-to=\"2\" class=\"\" aria-current=\"true\" aria-label=\"Slide 3\"><span>Campeona<\/span><\/button>\n                                                                            <\/div>\n                    <div class=\"carousel-inner\">\n                                                                                    <div class=\"carousel-item active\">\n                                    <div class=\"row justify-content-center\">\n                                        <div class=\"col-lg-7\">\n                                            <p>Convocar a las personas para recopilar conocimientos y pruebas sobre las oportunidades y los desaf\u00edos que presentan las tecnolog\u00edas y las redes digitales, en particular para las mujeres, las ni\u00f1as y otras personas de los grupos discriminados.<\/p>\n                                        <\/div>\n                                    <\/div>\n                                <\/div>\n                                                            <div class=\"carousel-item \">\n                                    <div class=\"row justify-content-center\">\n                                        <div class=\"col-lg-7\">\n                                            <p>Co-crear soluciones legales, \u00e9ticas y t\u00e9cnicas para da\u00f1os potenciales, identificados a trav\u00e9s de la colaboraci\u00f3n con aquellos cuya visi\u00f3n se basa en la experiencia vivida y la comprensi\u00f3n de los expertos.<\/p>\n                                        <\/div>\n                                    <\/div>\n                                <\/div>\n                                                            <div class=\"carousel-item \">\n                                    <div class=\"row justify-content-center\">\n                                        <div class=\"col-lg-7\">\n                                            <p>Defender la adopci\u00f3n mundial de un enfoque feminista interseccional basado en los derechos humanos para el dise\u00f1o, desarrollo y regulaci\u00f3n de tecnolog\u00edas y redes digitales.<\/p>\n                                        <\/div>\n                                    <\/div>\n                                <\/div>\n                                                                        <\/div>\n                <\/div>\n            <\/div>\n        <\/div>\n        <div class=\"row justify-content-center\">\n            <div class=\"col-lg-11 text-center\">\n                <p><\/p>\n                            <\/div>\n        <\/div>\n    <\/div>\n<\/div>\n<!-- \/\/Mission Carousel -->\n\n<!-- Alternating Panels -->\n<div class=\"section pt-0 alternating-panels\" id=\"alternating-panels-block_04c350d154e8ede20e1e9fe000c13290\">\n    <div class=\"container\">\n\n                                    <div class=\"alternating-panel bg-purple-alt position-relative overflow-hidden \" data-sal=\"slide-up\" data-sal-duration=\"400\" data-sal-delay=\"100\">\n                    <div class=\"row g-0 row-alternating-panel position-absolute \">\n                        <div class=\"col-lg-6\">\n                            <div class=\"h-100 me-lg-4 d-flex flex-column justify-content-between\">\n                                <div>\n                                    <h2>La <br>Desaf\u00edo<\/h2>\n                                    <p class=\"mb-4 mb-lg-5\">La regulaci\u00f3n del mundo digital es inconsistente e ineficaz. Quienes se ven m\u00e1s profundamente afectados por esto son las personas, los grupos y las comunidades con menos poder y privilegios.<\/p>\n                                <\/div>\n                                                                    <div class=\"btn-wrapper\">\n                                        <a href=\"https:\/\/audri.org\/the-challenge\/\" class=\"btn\">\n                                            <span>M\u00e1s informaci\u00f3n<\/span>\n                                            <span><img decoding=\"async\" src=\"https:\/\/audri.org\/wp-content\/themes\/audri-theme\/img\/svg\/icon-arrow-right.svg\"><\/span>\n                                        <\/a>\n                                    <\/div>\n                                                            <\/div>\n                        <\/div>\n                    <\/div>\n                    <img decoding=\"async\" class=\"position-absolute alternating-panel-img mt-5 mt-lg-0\" src=\"https:\/\/audri.org\/wp-content\/uploads\/2022\/11\/Digital-Principles-Graphic-960x960.jpg\">\n                <\/div>\n                            <div class=\"alternating-panel bg-blue position-relative overflow-hidden flip\" data-sal=\"slide-up\" data-sal-duration=\"400\" data-sal-delay=\"100\">\n                    <div class=\"row g-0 row-alternating-panel position-absolute justify-content-end\">\n                        <div class=\"col-lg-6\">\n                            <div class=\"h-100 me-lg-4 d-flex flex-column justify-content-between\">\n                                <div>\n                                    <h2>Nuestra <br>Acercarse<\/h2>\n                                    <p class=\"mb-4 mb-lg-5\">La Alianza por los Derechos Digitales Universales (AUDRi) se form\u00f3 para explorar formas de crear un futuro digital en el que todos puedan disfrutar de los mismos derechos a la seguridad, la libertad y la dignidad.<\/p>\n                                <\/div>\n                                                                    <div class=\"btn-wrapper\">\n                                        <a href=\"https:\/\/audri.org\/our-approach\/\" class=\"btn\">\n                                            <span>M\u00e1s informaci\u00f3n<\/span>\n                                            <span><img decoding=\"async\" src=\"https:\/\/audri.org\/wp-content\/themes\/audri-theme\/img\/svg\/icon-arrow-right.svg\"><\/span>\n                                        <\/a>\n                                    <\/div>\n                                                            <\/div>\n                        <\/div>\n                    <\/div>\n                    <img decoding=\"async\" class=\"position-absolute alternating-panel-img mt-5 mt-lg-0\" src=\"https:\/\/audri.org\/wp-content\/uploads\/2022\/11\/alternating-panel_02.png\">\n                <\/div>\n                            <div class=\"alternating-panel bg-peach position-relative overflow-hidden \" data-sal=\"slide-up\" data-sal-duration=\"400\" data-sal-delay=\"100\">\n                    <div class=\"row g-0 row-alternating-panel position-absolute \">\n                        <div class=\"col-lg-6\">\n                            <div class=\"h-100 me-lg-4 d-flex flex-column justify-content-between\">\n                                <div>\n                                    <h2>Digital <br>Principios<\/h2>\n                                    <p class=\"mb-4 mb-lg-5\">Hacemos un llamado a la adopci\u00f3n de un marco universal de derechos digitales, arraigado en la ley de derechos humanos y respaldado por un an\u00e1lisis interseccional feminista y antidiscriminatorio.<\/p>\n                                <\/div>\n                                                                    <div class=\"btn-wrapper\">\n                                        <a href=\"https:\/\/audri.org\/digital-principles\/\" class=\"btn\">\n                                            <span>M\u00e1s informaci\u00f3n<\/span>\n                                            <span><img decoding=\"async\" src=\"https:\/\/audri.org\/wp-content\/themes\/audri-theme\/img\/svg\/icon-arrow-right.svg\"><\/span>\n                                        <\/a>\n                                    <\/div>\n                                                            <\/div>\n                        <\/div>\n                    <\/div>\n                    <img decoding=\"async\" class=\"position-absolute alternating-panel-img mt-5 mt-lg-0\" src=\"https:\/\/audri.org\/wp-content\/uploads\/2022\/11\/The-Challenge-Graphic.jpg\">\n                <\/div>\n                        <\/div>\n<\/div>\n<!-- \/\/Alternating Panels -->\n<!-- Highlighted Text -->\n<div class=\"section pt-0 highlighted-text\" id=\"highlighted-text-block_fcbccd718a0624383314ab9ae534afea\">\n    <div class=\"container\">\n        <div class=\"row justify-content-center justify-content-lg-start\">\n            <div class=\"col-lg-10\">\n                <p class=\"poster-text with-highlights\">Crear un <span class=\"text-highlight\">futuro<\/span> en el que todos en el mundo <span class=\"text-highlight\">digital puedan<\/span> disfrutar del <span class=\"text-highlight\">derecho<\/span> <span class=\"text-highlight\">a la seguridad<\/span>, la libertad y la <span class=\"text-highlight\">dignidad<\/span>.<\/p>\n            <\/div>\n        <\/div>\n    <\/div>\n<\/div>\n<!-- Highlighted Text --><!-- Fullwidth Two Columns -->\n<div class=\"bg-purple  full-width-two-columns-logos d-flex align-items-center\" id=\"full-width-two-columns-logos-block_7e41955a0f2334d49c09e048eeeb241b\">\n    <div class=\"container-fluid p-0\">\n        <div class=\"row g-0 d-flex align-items-center\">\n            <div class=\"col-lg-6 d-flex align-items-center\" data-sal=\"slide-right\" data-sal-duration=\"800\" data-sal-delay=\"200\">\n                <div class=\"section\">\n                    <div class=\"container-fluid\">\n                        <h2>\u00danete a<br \/>nosotras<\/h2>\n<p>La Alianza por los Derechos Digitales Universales (AUDRi) representa las principales voces mundiales en materia de igualdad, tanto dentro como fuera del sector digital. Al unirse a nuestra red, puede ayudar a liderar el cambio global hacia un futuro digital m\u00e1s justo, seguro y respetuoso para todos.<\/p>\n                                                    <div class=\"pt-1 pt-lg-4 btn-wrapper\">\n                                <a href=\"https:\/\/audri.org\/join-us\/\" class=\"btn\">\n                                    <span>\u00danete a nosotras<\/span>\n                                    <span><img decoding=\"async\" src=\"https:\/\/audri.org\/wp-content\/themes\/audri-theme\/img\/svg\/icon-arrow-right.svg\"><\/span>\n                                <\/a>\n                            <\/div>\n                                            <\/div>\n                <\/div>\n            <\/div>\n            <div class=\"col-lg-6\">\n\n\n\n\n            <\/div>\n        <\/div>\n    <\/div>\n<\/div>\n<!-- Fullwidth Two Columns -->\n<!-- Subscribe -->\n<div class=\"section basic-example\" id=\"basic-example-block_7daa7ee8823517b534c1172b02329c7d\">\n    <div class=\"container\">\n        <div data-sal=\"slide-up\" data-sal-duration=\"400\" data-sal-delay=\"100\">\n            <h2 class=\"text-center\">\u00danete a nuestra <br>lista de correo<\/h2>\n            <div class=\"row justify-content-center mb-4 pb-2\">\n                <div class=\"col-lg-5 text-center\">\n                    <p>Reg\u00edstrese en nuestra lista de correo para averiguar qu\u00e9 puede hacer para ayudarnos a asegurar hoy un mejor ma\u00f1ana digital.<\/p>\n                <\/div>\n            <\/div>\n        <\/div>\n            <\/div>\n<\/div>\n<!-- \/\/Subscribe -->\n<!-- Footer Graphic -->\n<img decoding=\"async\" class=\"img-fluid w-100\" src=\"https:\/\/audri.org\/wp-content\/uploads\/2022\/11\/footer-graphic_01.png\" alt=\"footer-graphic_01\" data-sal=\"slide-up\" data-sal-duration=\"800\" data-sal-delay=\"200\">\n<!-- \/\/Footer Graphic -->\n","protected":false},"excerpt":{"rendered":"","protected":false},"author":1,"featured_media":625,"parent":0,"menu_order":0,"comment_status":"closed","ping_status":"closed","template":"","meta":{"_acf_changed":false,"_mo_disable_npp":"","footnotes":""},"class_list":["post-736","page","type-page","status-publish","has-post-thumbnail","hentry"],"acf":[],"_links":{"self":[{"href":"https:\/\/audri.org\/es\/wp-json\/wp\/v2\/pages\/736","targetHints":{"allow":["GET"]}}],"collection":[{"href":"https:\/\/audri.org\/es\/wp-json\/wp\/v2\/pages"}],"about":[{"href":"https:\/\/audri.org\/es\/wp-json\/wp\/v2\/types\/page"}],"author":[{"embeddable":true,"href":"https:\/\/audri.org\/es\/wp-json\/wp\/v2\/users\/1"}],"replies":[{"embeddable":true,"href":"https:\/\/audri.org\/es\/wp-json\/wp\/v2\/comments?post=736"}],"version-history":[{"count":0,"href":"https:\/\/audri.org\/es\/wp-json\/wp\/v2\/pages\/736\/revisions"}],"wp:featuredmedia":[{"embeddable":true,"href":"https:\/\/audri.org\/es\/wp-json\/wp\/v2\/media\/625"}],"wp:attachment":[{"href":"https:\/\/audri.org\/es\/wp-json\/wp\/v2\/media?parent=736"}],"curies":[{"name":"wp","href":"https:\/\/api.w.org\/{rel}","templated":true}]}}