{"id":722,"date":"2022-11-17T11:15:08","date_gmt":"2022-11-17T11:15:08","guid":{"rendered":"https:\/\/audrilivesite.local\/contact\/"},"modified":"2023-06-27T15:09:36","modified_gmt":"2023-06-27T14:09:36","slug":"contact","status":"publish","type":"page","link":"https:\/\/audri.org\/fr\/contact\/","title":{"rendered":"Contact"},"content":{"rendered":"<!-- Contact -->\n<div class=\"section first\">\n    <div class=\"container\">\n        <div data-sal=\"slide-up\" data-sal-duration=\"400\" data-sal-delay=\"100\">\n            <h2 class=\"text-center mt-4\">ENTRER EN CONTACT<\/h2>\n            <div class=\"row justify-content-center mb-4 pb-2\">\n                <div class=\"col-lg-7\">\n                    <p class=\"text-center\">Ce n&rsquo;est qu&rsquo;en travaillant ensemble que nous cr\u00e9erons un avenir num\u00e9rique dans lequel chacun pourra jouir de droits \u00e9gaux \u00e0 la s\u00e9curit\u00e9, \u00e0 la libert\u00e9 et \u00e0 la dignit\u00e9. Que vous souhaitiez en savoir plus sur les principes num\u00e9riques ou sur la fa\u00e7on dont vous pouvez faire partie de l&rsquo;Alliance, contactez-nous d\u00e8s aujourd&rsquo;hui.<\/p>\n                <\/div>\n            <\/div>\n        <\/div>\n        <div class=\"row justify-content-center\">\n            <div class=\"col-lg-8\">\n                <div class=\"bg-white p-3\" data-sal=\"fade\" data-sal-duration=\"800\" data-sal-delay=\"200\">\n                                  \n                <\/div>\n            <\/div>\n        <\/div>\n    <\/div>\n<\/div>\n<!-- \/\/Contact -->\n\n\n<!-- Footer Graphic -->\n<img decoding=\"async\" class=\"img-fluid w-100\" src=\"https:\/\/audri.org\/wp-content\/themes\/audri-theme\/img\/footer-graphic_01.png\" alt=\"Footer Graphic\" data-sal=\"slide-up\" data-sal-duration=\"800\" data-sal-delay=\"200\">\n<!-- \/\/Footer Graphic -->","protected":false},"excerpt":{"rendered":"","protected":false},"author":1,"featured_media":0,"parent":0,"menu_order":0,"comment_status":"closed","ping_status":"closed","template":"","meta":{"_acf_changed":false,"_mo_disable_npp":"","footnotes":""},"class_list":["post-722","page","type-page","status-publish","hentry"],"acf":[],"_links":{"self":[{"href":"https:\/\/audri.org\/fr\/wp-json\/wp\/v2\/pages\/722","targetHints":{"allow":["GET"]}}],"collection":[{"href":"https:\/\/audri.org\/fr\/wp-json\/wp\/v2\/pages"}],"about":[{"href":"https:\/\/audri.org\/fr\/wp-json\/wp\/v2\/types\/page"}],"author":[{"embeddable":true,"href":"https:\/\/audri.org\/fr\/wp-json\/wp\/v2\/users\/1"}],"replies":[{"embeddable":true,"href":"https:\/\/audri.org\/fr\/wp-json\/wp\/v2\/comments?post=722"}],"version-history":[{"count":0,"href":"https:\/\/audri.org\/fr\/wp-json\/wp\/v2\/pages\/722\/revisions"}],"wp:attachment":[{"href":"https:\/\/audri.org\/fr\/wp-json\/wp\/v2\/media?parent=722"}],"curies":[{"name":"wp","href":"https:\/\/api.w.org\/{rel}","templated":true}]}}