{"id":735,"date":"2022-11-16T15:21:37","date_gmt":"2022-11-16T15:21:37","guid":{"rendered":"https:\/\/audrilivesite.local\/alliance-pour-les-droits-numeriques-universels\/"},"modified":"2023-06-27T16:37:56","modified_gmt":"2023-06-27T15:37:56","slug":"alliance-pour-les-droits-numeriques-universels","status":"publish","type":"page","link":"https:\/\/audri.org\/fr\/","title":{"rendered":"Alliance pour les droits num\u00e9riques universels"},"content":{"rendered":"\n    <!-- Intro -->\n    <div class=\"section first bg-purple pb-0 intro-header\" id=\"intro-header-block_7fe90ec72f5da6a86301a7d39c28393a\">\n        <div class=\"container-fluid\">\n            <div class=\"row g-0 align-items-center\">\n                <div class=\"col-intro-left\">\n                    <h1 class=\"poster-text mb-4\" data-sal=\"slide-right\" data-sal-duration=\"800\" data-sal-delay=\"100\">Nous croyons en un avenir o\u00f9 tous les citoyens de l&rsquo;\u00e9cosyst\u00e8me num\u00e9rique mondial, peu importe qui ils sont ou o\u00f9 ils vivent, peuvent jouir de droits \u00e9gaux \u00e0 la s\u00e9curit\u00e9, \u00e0 la libert\u00e9 et \u00e0 la dignit\u00e9.<\/h1>\n                    <div class=\"mb-4 pb-lg-2\">\n                                            <\/div>\n                <\/div>\n                <div class=\"col-intro-right\">\n                    <img decoding=\"async\" class=\"d-block img-fluid w-100 ps-lg-4 mx-auto\" src=\"https:\/\/audri.org\/wp-content\/uploads\/2022\/11\/intro_01.png\" alt=\"intro_01\" data-sal=\"fade\" data-sal-duration=\"1000\" data-sal-delay=\"600\">\n                <\/div>\n            <\/div>\n        <\/div>\n    <\/div>\n    <!-- \/\/Intro -->\n    <!-- 3x Folder Panels -->\n<div class=\"section folder-panels\">\n    <div class=\"container\">\n        <div class=\"row justify-content-center mb-5\">\n                                                <div class=\"col-9 col-lg-4 mb-4 mb-lg-0\" data-sal=\"slide-up\" data-sal-duration=\"400\" data-sal-delay=\"100\">\n                        <div class=\"panel-folder-wrapper position-relative mx-auto\">\n                            <img decoding=\"async\" class=\"img-fluid folder-tab d-block\" src=\"https:\/\/audri.org\/wp-content\/themes\/audri-theme\/img\/svg\/folder-tab.svg\" alt=\"Tab\">\n                            <div class=\"panel-folder overflow-hidden\">\n                                <div class=\"top bg-white p-4\">\n                                    <div class=\"mb-3 mx-2\">\n                                        <p><b>Protection \u00e9gale<\/b> contre la pers\u00e9cution, l&rsquo;oppression et les abus<\/p>\n                                    <\/div>\n                                <\/div>\n                                <div class=\"bottom bg-orange\">\n                                    <img decoding=\"async\" class=\"img-fluid w-100 px-4 py-5\" src=\"https:\/\/audri.org\/wp-content\/themes\/audri-theme\/img\/svg\/icon-tick.svg\" alt=\"Tick\">\n                                <\/div>\n                            <\/div>\n                            <img decoding=\"async\" class=\"img-folder position-absolute\" src=\"https:\/\/audri.org\/wp-content\/uploads\/2022\/11\/Equal-Protection-Graphic-370x430.jpg\" alt=\"Equal-Protection-Graphic\">\n                        <\/div>\n                    <\/div>\n                                    <div class=\"col-9 col-lg-4 mb-4 mb-lg-0\" data-sal=\"slide-up\" data-sal-duration=\"400\" data-sal-delay=\"100\">\n                        <div class=\"panel-folder-wrapper position-relative mx-auto\">\n                            <img decoding=\"async\" class=\"img-fluid folder-tab d-block\" src=\"https:\/\/audri.org\/wp-content\/themes\/audri-theme\/img\/svg\/folder-tab.svg\" alt=\"Tab\">\n                            <div class=\"panel-folder overflow-hidden\">\n                                <div class=\"top bg-white p-4\">\n                                    <div class=\"mb-3 mx-2\">\n                                        <p><b>Acc\u00e8s \u00e9gal<\/b> \u00e0 l&rsquo;information, aux opportunit\u00e9s et \u00e0 la communaut\u00e9<\/p>\n                                    <\/div>\n                                <\/div>\n                                <div class=\"bottom bg-blue-light\">\n                                    <img decoding=\"async\" class=\"img-fluid w-100 px-4 py-5\" src=\"https:\/\/audri.org\/wp-content\/themes\/audri-theme\/img\/svg\/icon-tick.svg\" alt=\"Tick\">\n                                <\/div>\n                            <\/div>\n                            <img decoding=\"async\" class=\"img-folder position-absolute\" src=\"https:\/\/audri.org\/wp-content\/uploads\/2022\/11\/Equal-Access-Graphic-370x430.jpg\" alt=\"Equal-Access-Graphic\">\n                        <\/div>\n                    <\/div>\n                                    <div class=\"col-9 col-lg-4 mb-4 mb-lg-0\" data-sal=\"slide-up\" data-sal-duration=\"400\" data-sal-delay=\"100\">\n                        <div class=\"panel-folder-wrapper position-relative mx-auto\">\n                            <img decoding=\"async\" class=\"img-fluid folder-tab d-block\" src=\"https:\/\/audri.org\/wp-content\/themes\/audri-theme\/img\/svg\/folder-tab.svg\" alt=\"Tab\">\n                            <div class=\"panel-folder overflow-hidden\">\n                                <div class=\"top bg-white p-4\">\n                                    <div class=\"mb-3 mx-2\">\n                                        <p><b>Un \u00e9gal respect<\/b> pour<br \/>\nvie priv\u00e9e, identit\u00e9 et expression de soi<\/p>\n                                    <\/div>\n                                <\/div>\n                                <div class=\"bottom bg-peach-light\">\n                                    <img decoding=\"async\" class=\"img-fluid w-100 px-4 py-5\" src=\"https:\/\/audri.org\/wp-content\/themes\/audri-theme\/img\/svg\/icon-tick.svg\" alt=\"Tick\">\n                                <\/div>\n                            <\/div>\n                            <img decoding=\"async\" class=\"img-folder position-absolute\" src=\"https:\/\/audri.org\/wp-content\/uploads\/2022\/11\/Equal-Respect-Graphic-370x430.jpg\" alt=\"Equal-Respect-Graphic\">\n                        <\/div>\n                    <\/div>\n                                    <\/div>\n        <div class=\"text-center\" data-sal=\"slide-up\" data-sal-duration=\"400\" data-sal-delay=\"100\">\n            <div class=\"row justify-content-center mb-4\">\n                <div class=\"col-lg-7\">\n                    <p>Pour parvenir \u00e0 l&rsquo;\u00e9galit\u00e9 mondiale de la s\u00e9curit\u00e9, de la libert\u00e9 et de la dignit\u00e9 dans notre avenir num\u00e9rique, nous appelons \u00e0 une approche universelle pour d\u00e9finir, d\u00e9fendre et faire progresser les droits num\u00e9riques &#8211; pour tous. <\/p>\n                <\/div>\n            <\/div>\n                            <a href=\"https:\/\/audri.org\/digital-principles\/\" class=\"btn\">\n                    <span>Les principes num\u00e9riques<\/span>\n                    <span><img decoding=\"async\" src=\"https:\/\/audri.org\/wp-content\/themes\/audri-theme\/img\/svg\/icon-arrow-right.svg\"><\/span>\n                <\/a>\n                    <\/div>\n    <\/div>\n<\/div>\n<!-- 3x Folder Panels --><!-- Fullwidth Two Columns -->\n<div class=\"bg-blue mh-960 full-width-two-columns \" id=\"full-width-two-columns-block_8bf1ba89e671e36ec5dcb026df55c6bf\">\n    <div class=\"container-fluid p-0\">\n        <div class=\"row g-0 \">\n            <div class=\"col-lg-6 d-flex align-items-center\" data-sal=\"slide-right\" data-sal-duration=\"800\" data-sal-delay=\"200\">\n                <div class=\"section\">\n                    <div class=\"container-fluid\">\n                        <h2>\u00c0 propos de l&rsquo;Alliance pour les droits num\u00e9riques universels<\/h2>\n<p>L&rsquo;Alliance pour les droits num\u00e9riques universels (AUDRi) rassemble les principales voix mondiales en mati\u00e8re d&rsquo;\u00e9galit\u00e9, au sein et au-del\u00e0 du secteur num\u00e9rique.<\/p>\n<p>AUDRi a \u00e9t\u00e9 cr\u00e9\u00e9e en 2022 par deux organisations internationales de d\u00e9fense et d&rsquo;\u00e9galit\u00e9 des sexes, Equality Now et Women Leading in AI. Ensemble, ils collaborent avec un large \u00e9ventail de partenaires pour comprendre les opportunit\u00e9s et les d\u00e9fis pr\u00e9sent\u00e9s par les technologies et les r\u00e9seaux num\u00e9riques pour les femmes, les filles et d&rsquo;autres personnes issues de groupes victimes de discrimination.<\/p>\n                                                    <div class=\"pt-1 pt-lg-4 btn-wrapper\">\n                                <a href=\"https:\/\/audri.org\/about-us\/\" class=\"btn\">\n                                    <span>\u00c0 propos de nous<\/span>\n                                    <span><img decoding=\"async\" src=\"https:\/\/audri.org\/wp-content\/themes\/audri-theme\/img\/svg\/icon-arrow-right.svg\"><\/span>\n                                <\/a>\n                            <\/div>\n                                            <\/div>\n                <\/div>\n            <\/div>\n            <div class=\"col-lg-6\">\n                <img decoding=\"async\" class=\"img-fluid w-100\" src=\"https:\/\/audri.org\/wp-content\/uploads\/2022\/11\/960x960_01.png\" alt=\"960x960_01\" data-sal=\"fade\" data-sal-duration=\"800\" data-sal-delay=\"200\">\n            <\/div>\n        <\/div>\n    <\/div>\n<\/div>\n<!-- Fullwidth Two Columns -->\n\n<!-- Mission Carousel -->\n<div class=\"section mission-carousel\" id=\"mission-carousel-block_39e46370a72ff77ebdd6d1ed46c21e90\">\n    <div class=\"container\" data-sal=\"slide-up\" data-sal-duration=\"400\" data-sal-delay=\"100\">\n        <div class=\"row justify-content-center \">\n            <div class=\"col-10 col-lg-5 text-center\">\n                                    <h2>NOUS EXISTONS POUR<\/h2>\n                                            <\/div>\n            <div class=\"col-lg-8\">\n                <div id=\"carouselTabs\" class=\"carousel slide carousel-tabs text-center\" data-bs-ride=\"carousel\" data-bs-pause=\"false\">\n                    <div class=\"carousel-indicators position-relative mx-0 mt-3 mb-4 pb-3 justify-content-between\">\n                                                                                    <button type=\"button\" data-bs-target=\"#carouselTabs\" data-bs-slide-to=\"0\" class=\"active\" aria-current=\"true\" aria-label=\"Slide 1\"><span>Convoquer<\/span><\/button>\n                                                                <button type=\"button\" data-bs-target=\"#carouselTabs\" data-bs-slide-to=\"1\" class=\"\" aria-current=\"true\" aria-label=\"Slide 2\"><span>Co-cr\u00e9er<\/span><\/button>\n                                                                <button type=\"button\" data-bs-target=\"#carouselTabs\" data-bs-slide-to=\"2\" class=\"\" aria-current=\"true\" aria-label=\"Slide 3\"><span>Championne<\/span><\/button>\n                                                                            <\/div>\n                    <div class=\"carousel-inner\">\n                                                                                    <div class=\"carousel-item active\">\n                                    <div class=\"row justify-content-center\">\n                                        <div class=\"col-lg-7\">\n                                            <p>Rassemblez des personnes pour recueillir des connaissances et des preuves des opportunit\u00e9s et des d\u00e9fis pr\u00e9sent\u00e9s par les technologies et les r\u00e9seaux num\u00e9riques, en particulier pour les femmes, les filles et les autres personnes issues de groupes victimes de discrimination.<\/p>\n                                        <\/div>\n                                    <\/div>\n                                <\/div>\n                                                            <div class=\"carousel-item \">\n                                    <div class=\"row justify-content-center\">\n                                        <div class=\"col-lg-7\">\n                                            <p>Co-cr\u00e9er des solutions juridiques, \u00e9thiques et techniques aux dommages potentiels, identifi\u00e9s gr\u00e2ce \u00e0 la collaboration avec ceux dont les connaissances sont \u00e9clair\u00e9es par l&rsquo;exp\u00e9rience v\u00e9cue et la compr\u00e9hension d&rsquo;experts.<\/p>\n                                        <\/div>\n                                    <\/div>\n                                <\/div>\n                                                            <div class=\"carousel-item \">\n                                    <div class=\"row justify-content-center\">\n                                        <div class=\"col-lg-7\">\n                                            <p>D\u00e9fendre l&rsquo;adoption mondiale d&rsquo;une approche f\u00e9ministe intersectionnelle et fond\u00e9e sur les droits de l&rsquo;homme pour la conception, le d\u00e9veloppement et la r\u00e9glementation des technologies et des r\u00e9seaux num\u00e9riques.<\/p>\n                                        <\/div>\n                                    <\/div>\n                                <\/div>\n                                                                        <\/div>\n                <\/div>\n            <\/div>\n        <\/div>\n        <div class=\"row justify-content-center\">\n            <div class=\"col-lg-11 text-center\">\n                <p><\/p>\n                            <\/div>\n        <\/div>\n    <\/div>\n<\/div>\n<!-- \/\/Mission Carousel -->\n\n<!-- Alternating Panels -->\n<div class=\"section pt-0 alternating-panels\" id=\"alternating-panels-block_cc202868db312e4feda36a3b505274ab\">\n    <div class=\"container\">\n\n                                    <div class=\"alternating-panel bg-purple-alt position-relative overflow-hidden \" data-sal=\"slide-up\" data-sal-duration=\"400\" data-sal-delay=\"100\">\n                    <div class=\"row g-0 row-alternating-panel position-absolute \">\n                        <div class=\"col-lg-6\">\n                            <div class=\"h-100 me-lg-4 d-flex flex-column justify-content-between\">\n                                <div>\n                                    <h2>La <br>D\u00e9fi<\/h2>\n                                    <p class=\"mb-4 mb-lg-5\">La r\u00e9gulation du monde num\u00e9rique est incoh\u00e9rente et inefficace. Ceux qui sont les plus profond\u00e9ment touch\u00e9s par cela sont les personnes, les groupes et les communaut\u00e9s qui ont le moins de pouvoir et de privil\u00e8ges.<\/p>\n                                <\/div>\n                                                                    <div class=\"btn-wrapper\">\n                                        <a href=\"https:\/\/audri.org\/the-challenge\/\" class=\"btn\">\n                                            <span>En savoir plus<\/span>\n                                            <span><img decoding=\"async\" src=\"https:\/\/audri.org\/wp-content\/themes\/audri-theme\/img\/svg\/icon-arrow-right.svg\"><\/span>\n                                        <\/a>\n                                    <\/div>\n                                                            <\/div>\n                        <\/div>\n                    <\/div>\n                    <img decoding=\"async\" class=\"position-absolute alternating-panel-img mt-5 mt-lg-0\" src=\"https:\/\/audri.org\/wp-content\/uploads\/2022\/11\/Digital-Principles-Graphic-960x960.jpg\">\n                <\/div>\n                            <div class=\"alternating-panel bg-blue position-relative overflow-hidden flip\" data-sal=\"slide-up\" data-sal-duration=\"400\" data-sal-delay=\"100\">\n                    <div class=\"row g-0 row-alternating-panel position-absolute justify-content-end\">\n                        <div class=\"col-lg-6\">\n                            <div class=\"h-100 me-lg-4 d-flex flex-column justify-content-between\">\n                                <div>\n                                    <h2>Notre <br>Approche<\/h2>\n                                    <p class=\"mb-4 mb-lg-5\">L&rsquo;Alliance pour les droits num\u00e9riques universels (AUDRi) a \u00e9t\u00e9 cr\u00e9\u00e9e pour explorer les moyens de cr\u00e9er un avenir num\u00e9rique dans lequel chacun peut jouir de droits \u00e9gaux \u00e0 la s\u00e9curit\u00e9, \u00e0 la libert\u00e9 et \u00e0 la dignit\u00e9.<\/p>\n                                <\/div>\n                                                                    <div class=\"btn-wrapper\">\n                                        <a href=\"https:\/\/audri.org\/our-approach\/\" class=\"btn\">\n                                            <span>En savoir plus<\/span>\n                                            <span><img decoding=\"async\" src=\"https:\/\/audri.org\/wp-content\/themes\/audri-theme\/img\/svg\/icon-arrow-right.svg\"><\/span>\n                                        <\/a>\n                                    <\/div>\n                                                            <\/div>\n                        <\/div>\n                    <\/div>\n                    <img decoding=\"async\" class=\"position-absolute alternating-panel-img mt-5 mt-lg-0\" src=\"https:\/\/audri.org\/wp-content\/uploads\/2022\/11\/alternating-panel_02.png\">\n                <\/div>\n                            <div class=\"alternating-panel bg-peach position-relative overflow-hidden \" data-sal=\"slide-up\" data-sal-duration=\"400\" data-sal-delay=\"100\">\n                    <div class=\"row g-0 row-alternating-panel position-absolute \">\n                        <div class=\"col-lg-6\">\n                            <div class=\"h-100 me-lg-4 d-flex flex-column justify-content-between\">\n                                <div>\n                                    <h2>Num\u00e9rique <br>Des principes<\/h2>\n                                    <p class=\"mb-4 mb-lg-5\">Nous appelons \u00e0 l&rsquo;adoption d&rsquo;un cadre universel des droits num\u00e9riques, ancr\u00e9 dans le droit des droits de l&rsquo;homme et \u00e9tay\u00e9 par une analyse intersectionnelle f\u00e9ministe et anti-discrimination.<\/p>\n                                <\/div>\n                                                                    <div class=\"btn-wrapper\">\n                                        <a href=\"https:\/\/audri.org\/digital-principles\/\" class=\"btn\">\n                                            <span>En savoir plus<\/span>\n                                            <span><img decoding=\"async\" src=\"https:\/\/audri.org\/wp-content\/themes\/audri-theme\/img\/svg\/icon-arrow-right.svg\"><\/span>\n                                        <\/a>\n                                    <\/div>\n                                                            <\/div>\n                        <\/div>\n                    <\/div>\n                    <img decoding=\"async\" class=\"position-absolute alternating-panel-img mt-5 mt-lg-0\" src=\"https:\/\/audri.org\/wp-content\/uploads\/2022\/11\/The-Challenge-Graphic.jpg\">\n                <\/div>\n                        <\/div>\n<\/div>\n<!-- \/\/Alternating Panels -->\n<!-- Highlighted Text -->\n<div class=\"section pt-0 highlighted-text\" id=\"highlighted-text-block_af9f9b8042fcd67934daf76802a37b9d\">\n    <div class=\"container\">\n        <div class=\"row justify-content-center justify-content-lg-start\">\n            <div class=\"col-lg-10\">\n                <p class=\"poster-text with-highlights\">Cr\u00e9er un <span class=\"text-highlight\">avenir<\/span> o\u00f9 chacun dans le <span class=\"text-highlight\">cyberespace peut<\/span> jouir du droit \u00e0 la <span class=\"text-highlight\">s\u00e9curit\u00e9<\/span>, <span class=\"text-highlight\">\u00e0 la libert\u00e9 et \u00e0 la<\/span> <span class=\"text-highlight\">dignit\u00e9<\/span>.<\/p>\n            <\/div>\n        <\/div>\n    <\/div>\n<\/div>\n<!-- Highlighted Text --><!-- Fullwidth Two Columns -->\n<div class=\"bg-purple  full-width-two-columns-logos d-flex align-items-center\" id=\"full-width-two-columns-logos-block_975bf37fa9a1fe5807a987b60884b070\">\n    <div class=\"container-fluid p-0\">\n        <div class=\"row g-0 d-flex align-items-center\">\n            <div class=\"col-lg-6 d-flex align-items-center\" data-sal=\"slide-right\" data-sal-duration=\"800\" data-sal-delay=\"200\">\n                <div class=\"section\">\n                    <div class=\"container-fluid\">\n                        <h2>REJOINDRE<br \/>NOUS<\/h2>\n<p>L&rsquo;Alliance pour les droits num\u00e9riques universels (AUDRi) repr\u00e9sente les principales voix mondiales en mati\u00e8re d&rsquo;\u00e9galit\u00e9, tant au sein qu&rsquo;au-del\u00e0 du secteur num\u00e9rique. En rejoignant notre r\u00e9seau, vous pouvez contribuer \u00e0 mener le changement mondial vers un avenir num\u00e9rique plus juste, plus s\u00fbr et plus respectueux pour tous.<\/p>\n                                                    <div class=\"pt-1 pt-lg-4 btn-wrapper\">\n                                <a href=\"https:\/\/audri.org\/join-us\/\" class=\"btn\">\n                                    <span>Rejoignez-nous<\/span>\n                                    <span><img decoding=\"async\" src=\"https:\/\/audri.org\/wp-content\/themes\/audri-theme\/img\/svg\/icon-arrow-right.svg\"><\/span>\n                                <\/a>\n                            <\/div>\n                                            <\/div>\n                <\/div>\n            <\/div>\n            <div class=\"col-lg-6\">\n\n\n\n\n            <\/div>\n        <\/div>\n    <\/div>\n<\/div>\n<!-- Fullwidth Two Columns -->\n<!-- Subscribe -->\n<div class=\"section basic-example\" id=\"basic-example-block_943fb3c3fcd938ddbd255b2d37756b9c\">\n    <div class=\"container\">\n        <div data-sal=\"slide-up\" data-sal-duration=\"400\" data-sal-delay=\"100\">\n            <h2 class=\"text-center\">Rejoignez notre <br>Rejoignez notre<\/h2>\n            <div class=\"row justify-content-center mb-4 pb-2\">\n                <div class=\"col-lg-5 text-center\">\n                    <p>Inscrivez-vous \u00e0 notre liste de diffusion pour d\u00e9couvrir ce que vous pouvez faire pour nous aider \u00e0 assurer un avenir num\u00e9rique meilleur, aujourd&rsquo;hui.<\/p>\n                <\/div>\n            <\/div>\n        <\/div>\n            <\/div>\n<\/div>\n<!-- \/\/Subscribe -->\n<!-- Footer Graphic -->\n<img decoding=\"async\" class=\"img-fluid w-100\" src=\"https:\/\/audri.org\/wp-content\/uploads\/2022\/11\/footer-graphic_01.png\" alt=\"footer-graphic_01\" data-sal=\"slide-up\" data-sal-duration=\"800\" data-sal-delay=\"200\">\n<!-- \/\/Footer Graphic -->\n","protected":false},"excerpt":{"rendered":"","protected":false},"author":1,"featured_media":624,"parent":0,"menu_order":0,"comment_status":"closed","ping_status":"closed","template":"","meta":{"_acf_changed":false,"_mo_disable_npp":"","footnotes":""},"class_list":["post-735","page","type-page","status-publish","has-post-thumbnail","hentry"],"acf":[],"_links":{"self":[{"href":"https:\/\/audri.org\/fr\/wp-json\/wp\/v2\/pages\/735","targetHints":{"allow":["GET"]}}],"collection":[{"href":"https:\/\/audri.org\/fr\/wp-json\/wp\/v2\/pages"}],"about":[{"href":"https:\/\/audri.org\/fr\/wp-json\/wp\/v2\/types\/page"}],"author":[{"embeddable":true,"href":"https:\/\/audri.org\/fr\/wp-json\/wp\/v2\/users\/1"}],"replies":[{"embeddable":true,"href":"https:\/\/audri.org\/fr\/wp-json\/wp\/v2\/comments?post=735"}],"version-history":[{"count":0,"href":"https:\/\/audri.org\/fr\/wp-json\/wp\/v2\/pages\/735\/revisions"}],"wp:featuredmedia":[{"embeddable":true,"href":"https:\/\/audri.org\/fr\/wp-json\/wp\/v2\/media\/624"}],"wp:attachment":[{"href":"https:\/\/audri.org\/fr\/wp-json\/wp\/v2\/media?parent=735"}],"curies":[{"name":"wp","href":"https:\/\/api.w.org\/{rel}","templated":true}]}}